{"id":3753,"date":"2025-05-15T10:05:07","date_gmt":"2025-05-15T10:05:07","guid":{"rendered":"https:\/\/djobizco.com\/fr\/?page_id=3753"},"modified":"2025-05-19T03:17:12","modified_gmt":"2025-05-19T03:17:12","slug":"ceo","status":"publish","type":"page","link":"https:\/\/djobizco.com\/fr\/ceo\/","title":{"rendered":"Le PDG"},"content":{"rendered":"\t\t<div data-elementor-type=\"wp-page\" data-elementor-id=\"3753\" class=\"elementor elementor-3753\" data-elementor-post-type=\"page\">\n\t\t\t\t\t\t<section class=\"elementor-section elementor-top-section elementor-element elementor-element-7bd3885 elementor-section-full_width elementor-section-height-default elementor-section-height-default\" data-id=\"7bd3885\" data-element_type=\"section\">\n\t\t\t\t\t\t<div class=\"elementor-container elementor-column-gap-default\">\n\t\t\t\t\t<div class=\"elementor-column elementor-col-100 elementor-top-column elementor-element elementor-element-2231bb3\" data-id=\"2231bb3\" data-element_type=\"column\">\n\t\t\t<div class=\"elementor-widget-wrap elementor-element-populated\">\n\t\t\t\t\t\t<div class=\"elementor-element elementor-element-82a6a7b elementor-widget elementor-widget-tx_service_section elh-el tx_service_section\" data-id=\"82a6a7b\" data-element_type=\"widget\" data-settings=\"{&quot;design_style&quot;:&quot;style_4&quot;}\" data-widget_type=\"tx_service_section.default\">\n\t\t\t\t<div class=\"elementor-widget-container\">\n\t\t\t\t\t<div class=\"gly-experience-1-area pt-180 pb-120 tx-section\">\r\n    <div class=\"container gly-container-1\">\r\n        <div class=\"gly-experience-1-wrap\">\r\n\r\n            <!-- left-content -->\r\n            <div class=\"gly-experience-1-left\">\r\n\r\n                <div class=\"gly-experience-1-img-wrap\">\r\n                                        <div class=\"gly-experience-1-img img-cover image-pllx\">\r\n                        <img decoding=\"async\" src=\"https:\/\/djobizco.com\/fr\/wp-content\/uploads\/2025\/05\/18.png\" alt=\"\">\r\n                    <\/div>\r\n                    \r\n                                        <div class=\"gly-experience-1-img-content titile-ani\">\r\n                                                <h3 class=\"number gly-heading-1 has-color-2 gly-font-900 text-uppercase\">\r\n                            <span class=\"counter\">2<\/span>k                        <\/h3>\r\n                        \r\n                                                <p class=\"gly-para-2 disc\">Clients satisfaits.<\/p>\r\n                                            <\/div>\r\n                    \r\n                <\/div>\r\n\r\n                                <div class=\"gly-experience-1-counter title-ani\">\r\n                                        <h4 class=\"gly-heading-1 number has-color-2 gly-font-900\">\r\n                        <span class=\"counter\">85<\/span>%                    <\/h4>\r\n                    \r\n                                        <p class=\"gly-para-2 disc\">\r\n                        croissance garantie                    <\/p>\r\n                                    <\/div>\r\n                \r\n                                <div class=\"gly-experience-1-slider\">\r\n                    <div class=\"swiper-container gly-ex1-active fix\">\r\n                        <div class=\"swiper-wrapper\">\r\n                                                        <div class=\"swiper-slide\">\r\n                                                                <div class=\"gly-experience-1-slider-item img-cover\">\r\n                                    <video loop muted autoplay src=\"https:\/\/djobizco.com\/fr\/wp-content\/uploads\/2025\/05\/3-1.mp4\"><\/video>\r\n                                <\/div>\r\n                                                            <\/div>\r\n                                                        <div class=\"swiper-slide\">\r\n                                                                <div class=\"gly-experience-1-slider-item img-cover\">\r\n                                    <video loop muted autoplay src=\"https:\/\/djobizco.com\/fr\/wp-content\/uploads\/2025\/05\/2-1.mp4\"><\/video>\r\n                                <\/div>\r\n                                                            <\/div>\r\n                                                        <div class=\"swiper-slide\">\r\n                                                                <div class=\"gly-experience-1-slider-item img-cover\">\r\n                                    <video loop muted autoplay src=\"https:\/\/djobizco.com\/fr\/wp-content\/uploads\/2025\/05\/1-1.mp4\"><\/video>\r\n                                <\/div>\r\n                                                            <\/div>\r\n                                                        <div class=\"swiper-slide\">\r\n                                                                <div class=\"gly-experience-1-slider-item img-cover\">\r\n                                    <video loop muted autoplay src=\"https:\/\/djobizco.com\/fr\/wp-content\/uploads\/2025\/05\/4-1.mp4\"><\/video>\r\n                                <\/div>\r\n                                                            <\/div>\r\n                            \r\n                        <\/div>\r\n                    <\/div>\r\n                <\/div>\r\n                            <\/div>\r\n\r\n\r\n            <!-- right-content -->\r\n            <div class=\"gly-experience-1-content\">\r\n\r\n                <!-- section-title -->\r\n                <div class=\"gly-experience-1-section-title mb-45\">\r\n                                        <h5 class=\"gly-subtitle-1 title-ani tx-subTitle\">\r\n                        <i aria-hidden=\"true\" class=\"fas fa-certificate\"><\/i>                        Le mot du directeur g\u00e9n\u00e9ral                    <\/h5>\r\n                    \r\n                    <h2 class=\"tx-title gly-section-title-1 has-color-2 title-ani \">Intelligent - R\u00e9fl\u00e9chi<span class=\"has-stoke\">Une solution innovante.<\/span><\/h2>\r\n                                        <p class=\"gly-para-2 title-ani tx-description\">En tant que PDG de DJOBIZCO, je suis fier de diriger une entreprise dont la vocation est de mettre les gens en contact avec les services dont ils ont besoin pour r\u00e9ussir. Qu'il s'agisse de traductions sans faille, d'\u00e9v\u00e9nements inoubliables ou de formations professionnelles enrichissantes, nous nous engageons \u00e0 fournir une qualit\u00e9 et un service in\u00e9gal\u00e9s.<\/p>\r\n                                    <\/div>\r\n\r\n                                <div class=\"gly-experience-1-feature-wrap mb-35 title-ani\">\r\n\r\n                                        <div class=\"gly-experience-1-feature has-border wow fadeIn\">\r\n                                                <h4 class=\"gly-heading-1 title has-color-2 gly-font-900 tx-subTitle\">\r\n                            Croissance garantie                        <\/h4>\r\n                        \r\n                                                <p class=\"gly-para-2 disc tx-description\">Chez DJOBIZCO, nous croyons qu'il faut favoriser la croissance, rapprocher les cultures et cr\u00e9er des exp\u00e9riences durables qui favorisent la r\u00e9ussite de nos clients.<\/p>\r\n                        \r\n                                                <a href=\"https:\/\/www.djobizco.com\/fr\/contact-us\/\" aria-label=\"Button\" class=\"gly-font-800 gly-heading-1 item-btn\">\r\n                                                                                <\/a>\r\n                                            <\/div>\r\n                                        <div class=\"gly-experience-1-feature has-border wow fadeIn\">\r\n                                                <h4 class=\"gly-heading-1 title has-color-2 gly-font-900 tx-subTitle\">\r\n                            Le client est roi                        <\/h4>\r\n                        \r\n                                                <p class=\"gly-para-2 disc tx-description\">Nos offres diversifi\u00e9es sont con\u00e7ues pour vous, et nous sommes l\u00e0 pour vous aider \u00e0 vous \u00e9panouir dans tous les aspects de votre parcours.<\/p>\r\n                        \r\n                                                <a href=\"https:\/\/www.djobizco.com\/fr\/contact-us\/s\/\" aria-label=\"Button\" class=\"gly-font-800 gly-heading-1 item-btn\">\r\n                                                                                <\/a>\r\n                                            <\/div>\r\n                    \r\n                <\/div>\r\n                \r\n                                <div class=\"gly-experience-1-list title-ani\">\r\n                                        <p class=\"gly-para-2 list-item has-white wow fadeInUp\" data-wow-delay=&quot;0s&quot;>\r\n                        <i aria-hidden=\"true\" class=\"fas fa-certificate\"><\/i>                        La consultation est gratuite, contactez-nous maintenant &gt;&gt;                    <\/p>\r\n                                    <\/div>\r\n                            <\/div>\r\n        <\/div>\r\n    <\/div>\r\n<\/div>\t\t\t\t<\/div>\n\t\t\t\t<\/div>\n\t\t\t\t\t<\/div>\n\t\t<\/div>\n\t\t\t\t\t<\/div>\n\t\t<\/section>\n\t\t\t\t<\/div>\n\t\t","protected":false},"excerpt":{"rendered":"<p>2k Clients satisfaits. 85% croissance garantie Le mot du directeur g\u00e9n\u00e9ral Intelligent &#8211; R\u00e9fl\u00e9chiUne solution innovante. En tant que PDG de DJOBIZCO, je suis fier de diriger une entreprise dont la vocation est de mettre les gens en contact avec les services dont ils ont besoin pour r\u00e9ussir. Qu&#8217;il s&#8217;agisse de traductions sans faille, d&#8217;\u00e9v\u00e9nements [&hellip;]<\/p>\n","protected":false},"author":1,"featured_media":3806,"parent":0,"menu_order":0,"comment_status":"closed","ping_status":"closed","template":"elementor_header_footer","meta":{"inline_featured_image":false,"footnotes":""},"class_list":["post-3753","page","type-page","status-publish","has-post-thumbnail","hentry"],"yoast_head":"<!-- This site is optimized with the Yoast SEO Premium plugin v25.1 (Yoast SEO v26.1) - https:\/\/yoast.com\/wordpress\/plugins\/seo\/ -->\n<title>Le PDG - DJOMAKI BUSINESS AND CONSULTING (DJOBIZCO) fran\u00e7ais<\/title>\n<meta name=\"robots\" content=\"index, follow, max-snippet:-1, max-image-preview:large, max-video-preview:-1\" \/>\n<link rel=\"canonical\" href=\"https:\/\/djobizco.com\/fr\/ceo\/\" \/>\n<meta property=\"og:locale\" content=\"en_US\" \/>\n<meta property=\"og:type\" content=\"article\" \/>\n<meta property=\"og:title\" content=\"Le PDG\" \/>\n<meta property=\"og:description\" content=\"2k Clients satisfaits. 85% croissance garantie Le mot du directeur g\u00e9n\u00e9ral Intelligent &#8211; R\u00e9fl\u00e9chiUne solution innovante. En tant que PDG de DJOBIZCO, je suis fier de diriger une entreprise dont la vocation est de mettre les gens en contact avec les services dont ils ont besoin pour r\u00e9ussir. Qu&#8217;il s&#8217;agisse de traductions sans faille, d&#8217;\u00e9v\u00e9nements [&hellip;]\" \/>\n<meta property=\"og:url\" content=\"https:\/\/djobizco.com\/fr\/ceo\/\" \/>\n<meta property=\"og:site_name\" content=\"DJOMAKI BUSINESS AND CONSULTING (DJOBIZCO) fran\u00e7ais\" \/>\n<meta property=\"article:publisher\" content=\"https:\/\/web.facebook.com\/profile.php?id=61575772305248\" \/>\n<meta property=\"article:modified_time\" content=\"2025-05-19T03:17:12+00:00\" \/>\n<meta property=\"og:image\" content=\"https:\/\/djobizco.com\/fr\/wp-content\/uploads\/sites\/5\/2025\/05\/breadcrumb-img-1-1.webp\" \/>\n\t<meta property=\"og:image:width\" content=\"1600\" \/>\n\t<meta property=\"og:image:height\" content=\"500\" \/>\n\t<meta property=\"og:image:type\" content=\"image\/webp\" \/>\n<meta name=\"twitter:card\" content=\"summary_large_image\" \/>\n<meta name=\"twitter:label1\" content=\"Est. reading time\" \/>\n\t<meta name=\"twitter:data1\" content=\"1 minute\" \/>\n<script type=\"application\/ld+json\" class=\"yoast-schema-graph\">{\"@context\":\"https:\/\/schema.org\",\"@graph\":[{\"@type\":\"WebPage\",\"@id\":\"https:\/\/djobizco.com\/fr\/ceo\/\",\"url\":\"https:\/\/djobizco.com\/fr\/ceo\/\",\"name\":\"Le PDG - DJOMAKI BUSINESS AND CONSULTING (DJOBIZCO) fran\u00e7ais\",\"isPartOf\":{\"@id\":\"https:\/\/djobizco.com\/fr\/#website\"},\"primaryImageOfPage\":{\"@id\":\"https:\/\/djobizco.com\/fr\/ceo\/#primaryimage\"},\"image\":{\"@id\":\"https:\/\/djobizco.com\/fr\/ceo\/#primaryimage\"},\"thumbnailUrl\":\"https:\/\/djobizco.com\/fr\/wp-content\/uploads\/sites\/5\/2025\/05\/breadcrumb-img-1-1.webp\",\"datePublished\":\"2025-05-15T10:05:07+00:00\",\"dateModified\":\"2025-05-19T03:17:12+00:00\",\"breadcrumb\":{\"@id\":\"https:\/\/djobizco.com\/fr\/ceo\/#breadcrumb\"},\"inLanguage\":\"en-US\",\"potentialAction\":[{\"@type\":\"ReadAction\",\"target\":[\"https:\/\/djobizco.com\/fr\/ceo\/\"]}]},{\"@type\":\"ImageObject\",\"inLanguage\":\"en-US\",\"@id\":\"https:\/\/djobizco.com\/fr\/ceo\/#primaryimage\",\"url\":\"https:\/\/djobizco.com\/fr\/wp-content\/uploads\/sites\/5\/2025\/05\/breadcrumb-img-1-1.webp\",\"contentUrl\":\"https:\/\/djobizco.com\/fr\/wp-content\/uploads\/sites\/5\/2025\/05\/breadcrumb-img-1-1.webp\",\"width\":1600,\"height\":500},{\"@type\":\"BreadcrumbList\",\"@id\":\"https:\/\/djobizco.com\/fr\/ceo\/#breadcrumb\",\"itemListElement\":[{\"@type\":\"ListItem\",\"position\":1,\"name\":\"Home\",\"item\":\"https:\/\/djobizco.com\/fr\/\"},{\"@type\":\"ListItem\",\"position\":2,\"name\":\"Le PDG\"}]},{\"@type\":\"WebSite\",\"@id\":\"https:\/\/djobizco.com\/fr\/#website\",\"url\":\"https:\/\/djobizco.com\/fr\/\",\"name\":\"DJOMAKI BUSINESS AND CONSULTING (DJOBIZCO) fran\u00e7ais\",\"description\":\"\",\"potentialAction\":[{\"@type\":\"SearchAction\",\"target\":{\"@type\":\"EntryPoint\",\"urlTemplate\":\"https:\/\/djobizco.com\/fr\/?s={search_term_string}\"},\"query-input\":{\"@type\":\"PropertyValueSpecification\",\"valueRequired\":true,\"valueName\":\"search_term_string\"}}],\"inLanguage\":\"en-US\"}]}<\/script>\n<!-- \/ Yoast SEO Premium plugin. -->","yoast_head_json":{"title":"Le PDG - DJOMAKI BUSINESS AND CONSULTING (DJOBIZCO) fran\u00e7ais","robots":{"index":"index","follow":"follow","max-snippet":"max-snippet:-1","max-image-preview":"max-image-preview:large","max-video-preview":"max-video-preview:-1"},"canonical":"https:\/\/djobizco.com\/fr\/ceo\/","og_locale":"en_US","og_type":"article","og_title":"Le PDG","og_description":"2k Clients satisfaits. 85% croissance garantie Le mot du directeur g\u00e9n\u00e9ral Intelligent &#8211; R\u00e9fl\u00e9chiUne solution innovante. En tant que PDG de DJOBIZCO, je suis fier de diriger une entreprise dont la vocation est de mettre les gens en contact avec les services dont ils ont besoin pour r\u00e9ussir. Qu&#8217;il s&#8217;agisse de traductions sans faille, d&#8217;\u00e9v\u00e9nements [&hellip;]","og_url":"https:\/\/djobizco.com\/fr\/ceo\/","og_site_name":"DJOMAKI BUSINESS AND CONSULTING (DJOBIZCO) fran\u00e7ais","article_publisher":"https:\/\/web.facebook.com\/profile.php?id=61575772305248","article_modified_time":"2025-05-19T03:17:12+00:00","og_image":[{"width":1600,"height":500,"url":"https:\/\/djobizco.com\/fr\/wp-content\/uploads\/sites\/5\/2025\/05\/breadcrumb-img-1-1.webp","type":"image\/webp"}],"twitter_card":"summary_large_image","twitter_misc":{"Est. reading time":"1 minute"},"schema":{"@context":"https:\/\/schema.org","@graph":[{"@type":"WebPage","@id":"https:\/\/djobizco.com\/fr\/ceo\/","url":"https:\/\/djobizco.com\/fr\/ceo\/","name":"Le PDG - DJOMAKI BUSINESS AND CONSULTING (DJOBIZCO) fran\u00e7ais","isPartOf":{"@id":"https:\/\/djobizco.com\/fr\/#website"},"primaryImageOfPage":{"@id":"https:\/\/djobizco.com\/fr\/ceo\/#primaryimage"},"image":{"@id":"https:\/\/djobizco.com\/fr\/ceo\/#primaryimage"},"thumbnailUrl":"https:\/\/djobizco.com\/fr\/wp-content\/uploads\/sites\/5\/2025\/05\/breadcrumb-img-1-1.webp","datePublished":"2025-05-15T10:05:07+00:00","dateModified":"2025-05-19T03:17:12+00:00","breadcrumb":{"@id":"https:\/\/djobizco.com\/fr\/ceo\/#breadcrumb"},"inLanguage":"en-US","potentialAction":[{"@type":"ReadAction","target":["https:\/\/djobizco.com\/fr\/ceo\/"]}]},{"@type":"ImageObject","inLanguage":"en-US","@id":"https:\/\/djobizco.com\/fr\/ceo\/#primaryimage","url":"https:\/\/djobizco.com\/fr\/wp-content\/uploads\/sites\/5\/2025\/05\/breadcrumb-img-1-1.webp","contentUrl":"https:\/\/djobizco.com\/fr\/wp-content\/uploads\/sites\/5\/2025\/05\/breadcrumb-img-1-1.webp","width":1600,"height":500},{"@type":"BreadcrumbList","@id":"https:\/\/djobizco.com\/fr\/ceo\/#breadcrumb","itemListElement":[{"@type":"ListItem","position":1,"name":"Home","item":"https:\/\/djobizco.com\/fr\/"},{"@type":"ListItem","position":2,"name":"Le PDG"}]},{"@type":"WebSite","@id":"https:\/\/djobizco.com\/fr\/#website","url":"https:\/\/djobizco.com\/fr\/","name":"DJOMAKI BUSINESS AND CONSULTING (DJOBIZCO) fran\u00e7ais","description":"","potentialAction":[{"@type":"SearchAction","target":{"@type":"EntryPoint","urlTemplate":"https:\/\/djobizco.com\/fr\/?s={search_term_string}"},"query-input":{"@type":"PropertyValueSpecification","valueRequired":true,"valueName":"search_term_string"}}],"inLanguage":"en-US"}]}},"_links":{"self":[{"href":"https:\/\/djobizco.com\/fr\/wp-json\/wp\/v2\/pages\/3753","targetHints":{"allow":["GET"]}}],"collection":[{"href":"https:\/\/djobizco.com\/fr\/wp-json\/wp\/v2\/pages"}],"about":[{"href":"https:\/\/djobizco.com\/fr\/wp-json\/wp\/v2\/types\/page"}],"author":[{"embeddable":true,"href":"https:\/\/djobizco.com\/fr\/wp-json\/wp\/v2\/users\/1"}],"replies":[{"embeddable":true,"href":"https:\/\/djobizco.com\/fr\/wp-json\/wp\/v2\/comments?post=3753"}],"version-history":[{"count":22,"href":"https:\/\/djobizco.com\/fr\/wp-json\/wp\/v2\/pages\/3753\/revisions"}],"predecessor-version":[{"id":3871,"href":"https:\/\/djobizco.com\/fr\/wp-json\/wp\/v2\/pages\/3753\/revisions\/3871"}],"wp:featuredmedia":[{"embeddable":true,"href":"https:\/\/djobizco.com\/fr\/wp-json\/wp\/v2\/media\/3806"}],"wp:attachment":[{"href":"https:\/\/djobizco.com\/fr\/wp-json\/wp\/v2\/media?parent=3753"}],"curies":[{"name":"wp","href":"https:\/\/api.w.org\/{rel}","templated":true}]}}