{"id":35,"date":"2024-03-24T19:28:16","date_gmt":"2024-03-24T19:28:16","guid":{"rendered":"http:\/\/localhost:10579\/?page_id=35"},"modified":"2025-05-19T03:40:36","modified_gmt":"2025-05-19T03:40:36","slug":"contact-us","status":"publish","type":"page","link":"https:\/\/djobizco.com\/fr\/contact-us\/","title":{"rendered":"Contact Us"},"content":{"rendered":"\t\t<div data-elementor-type=\"wp-page\" data-elementor-id=\"35\" class=\"elementor elementor-35\" data-elementor-post-type=\"page\">\n\t\t\t\t\t\t<section class=\"elementor-section elementor-top-section elementor-element elementor-element-c4ff181 elementor-section-boxed elementor-section-height-default elementor-section-height-default\" data-id=\"c4ff181\" data-element_type=\"section\">\n\t\t\t\t\t\t<div class=\"elementor-container elementor-column-gap-default\">\n\t\t\t\t\t<div class=\"elementor-column elementor-col-50 elementor-top-column elementor-element elementor-element-05ebf1e\" data-id=\"05ebf1e\" data-element_type=\"column\">\n\t\t\t<div class=\"elementor-widget-wrap elementor-element-populated\">\n\t\t\t\t\t\t<div class=\"elementor-element elementor-element-8c07dd8 elementor-widget elementor-widget-image\" data-id=\"8c07dd8\" data-element_type=\"widget\" data-widget_type=\"image.default\">\n\t\t\t\t<div class=\"elementor-widget-container\">\n\t\t\t\t\t\t\t\t\t\t\t\t\t\t\t<img decoding=\"async\" src=\"https:\/\/djobizco.com\/fr\/wp-content\/uploads\/sites\/5\/elementor\/thumbs\/phone-logo-r60m8uaxkfbavn647hcxfcbp5yni55j3pm07emwzt4.webp\" title=\"phone-logo\" alt=\"phone-logo\" loading=\"lazy\" \/>\t\t\t\t\t\t\t\t\t\t\t\t\t\t\t<\/div>\n\t\t\t\t<\/div>\n\t\t\t\t\t<\/div>\n\t\t<\/div>\n\t\t\t\t<div class=\"elementor-column elementor-col-50 elementor-top-column elementor-element elementor-element-845210d\" data-id=\"845210d\" data-element_type=\"column\">\n\t\t\t<div class=\"elementor-widget-wrap elementor-element-populated\">\n\t\t\t\t\t\t<div class=\"elementor-element elementor-element-ed9743c elementor-widget elementor-widget-tx_heading elh-el tx_heading\" data-id=\"ed9743c\" data-element_type=\"widget\" data-settings=\"{&quot;design_style&quot;:&quot;style_1&quot;}\" data-widget_type=\"tx_heading.default\">\n\t\t\t\t<div class=\"elementor-widget-container\">\n\t\t\t\t\t<div class=\"gly-testimonial-1-section-title text-left \">\r\n        <h5 class=\"gly-subtitle-1  tx-subTitle\">\r\n        <i aria-hidden=\"true\" class=\"fas fa-certificate\"><\/i>        Nous contacter    <\/h5>\r\n    \r\n    <h2 class=\"tx-title gly-section-title-1 has-color-2 \">Prenez contact avec notre <span class=\"has-stoke\">Une belle \u00e9quipe<\/span><\/h2>\r\n    <\/div>\t\t\t\t<\/div>\n\t\t\t\t<\/div>\n\t\t\t\t<div class=\"elementor-element elementor-element-1a895c0 contact-page-form elementor-widget elementor-widget-shortcode\" data-id=\"1a895c0\" data-element_type=\"widget\" data-widget_type=\"shortcode.default\">\n\t\t\t\t<div class=\"elementor-widget-container\">\n\t\t\t\t\t\t\t<div class=\"elementor-shortcode\">\n<div class=\"wpcf7 no-js\" id=\"wpcf7-f1206-o1\" lang=\"en-US\" dir=\"ltr\" data-wpcf7-id=\"1206\">\n<div class=\"screen-reader-response\"><p role=\"status\" aria-live=\"polite\" aria-atomic=\"true\"><\/p> <ul><\/ul><\/div>\n<form action=\"\/fr\/wp-json\/wp\/v2\/pages\/35#wpcf7-f1206-o1\" method=\"post\" class=\"wpcf7-form init\" aria-label=\"Contact form\" novalidate=\"novalidate\" data-status=\"init\">\n<fieldset class=\"hidden-fields-container\"><input type=\"hidden\" name=\"_wpcf7\" value=\"1206\" \/><input type=\"hidden\" name=\"_wpcf7_version\" value=\"6.1.2\" \/><input type=\"hidden\" name=\"_wpcf7_locale\" value=\"en_US\" \/><input type=\"hidden\" name=\"_wpcf7_unit_tag\" value=\"wpcf7-f1206-o1\" \/><input type=\"hidden\" name=\"_wpcf7_container_post\" value=\"0\" \/><input type=\"hidden\" name=\"_wpcf7_posted_data_hash\" value=\"\" \/>\n<\/fieldset>\n<div class=\"contact-page-form\">\n<div class=\"job-apply-page-form contact-form-wrap\">\n<div class=\"contact-form\">\n    <div class=\"contact-form-input\">\n        <span class=\"wpcf7-form-control-wrap\" data-name=\"text-565\"><input size=\"40\" maxlength=\"400\" class=\"wpcf7-form-control wpcf7-text wpcf7-validates-as-required input-box\" aria-required=\"true\" aria-invalid=\"false\" placeholder=\"Premier nom\" value=\"\" type=\"text\" name=\"text-565\" \/><\/span>\n    <\/div>\n    <div class=\"contact-form-input\">\n        <span class=\"wpcf7-form-control-wrap\" data-name=\"text-566\"><input size=\"40\" maxlength=\"400\" class=\"wpcf7-form-control wpcf7-text wpcf7-validates-as-required input-box\" aria-required=\"true\" aria-invalid=\"false\" placeholder=\"Nom de famille\" value=\"\" type=\"text\" name=\"text-566\" \/><\/span>\n    <\/div>\n    <div class=\"contact-form-input\">\n        <span class=\"wpcf7-form-control-wrap\" data-name=\"email-567\"><input size=\"40\" maxlength=\"400\" class=\"wpcf7-form-control wpcf7-email wpcf7-validates-as-required wpcf7-text wpcf7-validates-as-email input-box\" aria-required=\"true\" aria-invalid=\"false\" placeholder=\"Adresse \u00e9lectronique\" value=\"\" type=\"email\" name=\"email-567\" \/><\/span>\n    <\/div>\n    <div class=\"contact-form-input \">\n        <span class=\"wpcf7-form-control-wrap\" data-name=\"text-568\"><input size=\"40\" maxlength=\"400\" class=\"wpcf7-form-control wpcf7-text wpcf7-validates-as-required input-box\" aria-required=\"true\" aria-invalid=\"false\" placeholder=\"Objet\" value=\"\" type=\"text\" name=\"text-568\" \/><\/span>\n    <\/div>          \n    <div class=\"contact-form-input has-full-width\">\n        <span class=\"wpcf7-form-control-wrap\" data-name=\"textarea-92\"><textarea cols=\"40\" rows=\"10\" maxlength=\"2000\" class=\"wpcf7-form-control wpcf7-textarea\" aria-invalid=\"false\" placeholder=\"Message\" name=\"textarea-92\"><\/textarea><\/span>\n    <\/div>\n    <div class=\"contact-form-input has-full-width \">\n        <button class=\"gly-pr-btn-1\" type=\"submit\" aria-label=\"name\">\n            <span class=\"text\">Nous contacter<\/span>\n        <\/button>\n    <\/div>\n<\/div>\n<\/div>\n<\/div><div class=\"wpcf7-response-output\" aria-hidden=\"true\"><\/div>\n<\/form>\n<\/div>\n<\/div>\n\t\t\t\t\t\t<\/div>\n\t\t\t\t<\/div>\n\t\t\t\t\t<\/div>\n\t\t<\/div>\n\t\t\t\t\t<\/div>\n\t\t<\/section>\n\t\t\t\t<section class=\"elementor-section elementor-top-section elementor-element elementor-element-ec77eaf elementor-section-full_width elementor-section-height-default elementor-section-height-default\" data-id=\"ec77eaf\" data-element_type=\"section\">\n\t\t\t\t\t\t<div class=\"elementor-container elementor-column-gap-default\">\n\t\t\t\t\t<div class=\"elementor-column elementor-col-100 elementor-top-column elementor-element elementor-element-dcf2e56\" data-id=\"dcf2e56\" data-element_type=\"column\">\n\t\t\t<div class=\"elementor-widget-wrap elementor-element-populated\">\n\t\t\t\t\t\t<div class=\"elementor-element elementor-element-773876b elementor-widget elementor-widget-tx_contact_info elh-el tx_contact_info\" data-id=\"773876b\" data-element_type=\"widget\" data-settings=\"{&quot;design_style&quot;:&quot;style_1&quot;}\" data-widget_type=\"tx_contact_info.default\">\n\t\t\t\t<div class=\"elementor-widget-container\">\n\t\t\t\t\t<div class=\"contact-page-info-area fix\">\r\n    <div class=\"container gly-container-3\">\r\n        <div class=\"contact-page-info bg-default\" data-background=\"https:\/\/djobizco.com\/fr\/wp-content\/uploads\/2024\/04\/c-info-bg.png\">\r\n\r\n                        <h3 class=\"info-title gly-heading-1 has-white gly-font-700 text-center\">\r\n                Contact Info            <\/h3>\r\n            \r\n            <div class=\"contact-page-info-item-wrap\">\r\n                                    <div class=\"contact-page-info-item d-flex\">\r\n                                        <div class=\"icon\">\r\n                        <i aria-hidden=\"true\" class=\" fas fa-house\"><\/i>                    <\/div>\r\n                    \r\n                    <div class=\"content\">\r\n                                                <h4 class=\"item-title gly-font-700 gly-heading-1 has-white\">\r\n                            Adresse du Bureau                        <\/h4>\r\n                        \r\n                        <div class=\"gly-para-1 has-white item-disc\">\r\n                            <p>Djobizco\u00a0 <br \/>Lot 202 Irede,\u00a0<br \/>Akpakpa, Cotonou<\/p>                        <\/div>\r\n                    <\/div>\r\n                <\/div>\r\n                                    <div class=\"contact-page-info-item d-flex\">\r\n                                        <div class=\"icon\">\r\n                        <i aria-hidden=\"true\" class=\" far fa-phone-rotary\"><\/i>                    <\/div>\r\n                    \r\n                    <div class=\"content\">\r\n                                                <h4 class=\"item-title gly-font-700 gly-heading-1 has-white\">\r\n                            Num\u00e9ro de t\u00e9l\u00e9phone                        <\/h4>\r\n                        \r\n                        <div class=\"gly-para-1 has-white item-disc\">\r\n                            <p><a href=\"http:\/\/(229) 0197476325\">(229)\u00a0<\/a> 0197576325<\/p>                        <\/div>\r\n                    <\/div>\r\n                <\/div>\r\n                                    <div class=\"contact-page-info-item d-flex\">\r\n                                        <div class=\"icon\">\r\n                        <i aria-hidden=\"true\" class=\"fas fa-envelope-open-text\"><\/i>                    <\/div>\r\n                    \r\n                    <div class=\"content\">\r\n                                                <h4 class=\"item-title gly-font-700 gly-heading-1 has-white\">\r\n                            Adresse \u00e9lectronique                        <\/h4>\r\n                        \r\n                        <div class=\"gly-para-1 has-white item-disc\">\r\n                            <p>info@djobizco.com<br \/>support@djobizco.com<\/p>                        <\/div>\r\n                    <\/div>\r\n                <\/div>\r\n                            <\/div>\r\n        <\/div>\r\n    <\/div>\r\n\r\n        <div class=\"contact-page-map\">\r\n        <iframe src=\"https:\/\/maps.google.com\/maps?q=London+Eye%2C+London%2C+United+Kingdom&amp;t=m&amp;z=10&amp;output=embed&amp;iwloc=near\"><\/iframe>    <\/div>\r\n    <\/div>\t\t\t\t<\/div>\n\t\t\t\t<\/div>\n\t\t\t\t\t<\/div>\n\t\t<\/div>\n\t\t\t\t\t<\/div>\n\t\t<\/section>\n\t\t\t\t<\/div>\n\t\t","protected":false},"excerpt":{"rendered":"<p>Nous contacter Prenez contact avec notre Une belle \u00e9quipe Contact Info Adresse du Bureau Djobizco\u00a0 Lot 202 Irede,\u00a0Akpakpa, Cotonou Num\u00e9ro de t\u00e9l\u00e9phone (229)\u00a0 0197576325 Adresse \u00e9lectronique info@djobizco.comsupport@djobizco.com<\/p>\n","protected":false},"author":1,"featured_media":3742,"parent":0,"menu_order":0,"comment_status":"closed","ping_status":"closed","template":"elementor_header_footer","meta":{"inline_featured_image":false,"footnotes":""},"class_list":["post-35","page","type-page","status-publish","has-post-thumbnail","hentry"],"yoast_head":"<!-- This site is optimized with the Yoast SEO Premium plugin v25.1 (Yoast SEO v26.1) - https:\/\/yoast.com\/wordpress\/plugins\/seo\/ -->\n<title>Contact Us - DJOMAKI BUSINESS AND CONSULTING (DJOBIZCO) fran\u00e7ais<\/title>\n<meta name=\"robots\" content=\"index, follow, max-snippet:-1, max-image-preview:large, max-video-preview:-1\" \/>\n<link rel=\"canonical\" href=\"https:\/\/djobizco.com\/fr\/contact-us\/\" \/>\n<meta property=\"og:locale\" content=\"en_US\" \/>\n<meta property=\"og:type\" content=\"article\" \/>\n<meta property=\"og:title\" content=\"Contact Us\" \/>\n<meta property=\"og:description\" content=\"Nous contacter Prenez contact avec notre Une belle \u00e9quipe Contact Info Adresse du Bureau Djobizco\u00a0 Lot 202 Irede,\u00a0Akpakpa, Cotonou Num\u00e9ro de t\u00e9l\u00e9phone (229)\u00a0 0197576325 Adresse \u00e9lectronique info@djobizco.comsupport@djobizco.com\" \/>\n<meta property=\"og:url\" content=\"https:\/\/djobizco.com\/fr\/contact-us\/\" \/>\n<meta property=\"og:site_name\" content=\"DJOMAKI BUSINESS AND CONSULTING (DJOBIZCO) fran\u00e7ais\" \/>\n<meta property=\"article:publisher\" content=\"https:\/\/web.facebook.com\/profile.php?id=61575772305248\" \/>\n<meta property=\"article:modified_time\" content=\"2025-05-19T03:40:36+00:00\" \/>\n<meta property=\"og:image\" content=\"https:\/\/djobizco.com\/fr\/wp-content\/uploads\/sites\/5\/2025\/05\/breadcrumb-img-1-1.png\" \/>\n\t<meta property=\"og:image:width\" content=\"1920\" \/>\n\t<meta property=\"og:image:height\" content=\"600\" \/>\n\t<meta property=\"og:image:type\" content=\"image\/png\" \/>\n<meta name=\"twitter:card\" content=\"summary_large_image\" \/>\n<script type=\"application\/ld+json\" class=\"yoast-schema-graph\">{\"@context\":\"https:\/\/schema.org\",\"@graph\":[{\"@type\":\"WebPage\",\"@id\":\"https:\/\/djobizco.com\/fr\/contact-us\/\",\"url\":\"https:\/\/djobizco.com\/fr\/contact-us\/\",\"name\":\"Contact Us - DJOMAKI BUSINESS AND CONSULTING (DJOBIZCO) fran\u00e7ais\",\"isPartOf\":{\"@id\":\"https:\/\/djobizco.com\/fr\/#website\"},\"primaryImageOfPage\":{\"@id\":\"https:\/\/djobizco.com\/fr\/contact-us\/#primaryimage\"},\"image\":{\"@id\":\"https:\/\/djobizco.com\/fr\/contact-us\/#primaryimage\"},\"thumbnailUrl\":\"https:\/\/djobizco.com\/fr\/wp-content\/uploads\/sites\/5\/2025\/05\/breadcrumb-img-1-1.png\",\"datePublished\":\"2024-03-24T19:28:16+00:00\",\"dateModified\":\"2025-05-19T03:40:36+00:00\",\"breadcrumb\":{\"@id\":\"https:\/\/djobizco.com\/fr\/contact-us\/#breadcrumb\"},\"inLanguage\":\"en-US\",\"potentialAction\":[{\"@type\":\"ReadAction\",\"target\":[\"https:\/\/djobizco.com\/fr\/contact-us\/\"]}]},{\"@type\":\"ImageObject\",\"inLanguage\":\"en-US\",\"@id\":\"https:\/\/djobizco.com\/fr\/contact-us\/#primaryimage\",\"url\":\"https:\/\/djobizco.com\/fr\/wp-content\/uploads\/sites\/5\/2025\/05\/breadcrumb-img-1-1.png\",\"contentUrl\":\"https:\/\/djobizco.com\/fr\/wp-content\/uploads\/sites\/5\/2025\/05\/breadcrumb-img-1-1.png\",\"width\":1920,\"height\":600},{\"@type\":\"BreadcrumbList\",\"@id\":\"https:\/\/djobizco.com\/fr\/contact-us\/#breadcrumb\",\"itemListElement\":[{\"@type\":\"ListItem\",\"position\":1,\"name\":\"Home\",\"item\":\"https:\/\/djobizco.com\/fr\/\"},{\"@type\":\"ListItem\",\"position\":2,\"name\":\"Contact Us\"}]},{\"@type\":\"WebSite\",\"@id\":\"https:\/\/djobizco.com\/fr\/#website\",\"url\":\"https:\/\/djobizco.com\/fr\/\",\"name\":\"DJOMAKI BUSINESS AND CONSULTING (DJOBIZCO) fran\u00e7ais\",\"description\":\"\",\"potentialAction\":[{\"@type\":\"SearchAction\",\"target\":{\"@type\":\"EntryPoint\",\"urlTemplate\":\"https:\/\/djobizco.com\/fr\/?s={search_term_string}\"},\"query-input\":{\"@type\":\"PropertyValueSpecification\",\"valueRequired\":true,\"valueName\":\"search_term_string\"}}],\"inLanguage\":\"en-US\"}]}<\/script>\n<!-- \/ Yoast SEO Premium plugin. -->","yoast_head_json":{"title":"Contact Us - DJOMAKI BUSINESS AND CONSULTING (DJOBIZCO) fran\u00e7ais","robots":{"index":"index","follow":"follow","max-snippet":"max-snippet:-1","max-image-preview":"max-image-preview:large","max-video-preview":"max-video-preview:-1"},"canonical":"https:\/\/djobizco.com\/fr\/contact-us\/","og_locale":"en_US","og_type":"article","og_title":"Contact Us","og_description":"Nous contacter Prenez contact avec notre Une belle \u00e9quipe Contact Info Adresse du Bureau Djobizco\u00a0 Lot 202 Irede,\u00a0Akpakpa, Cotonou Num\u00e9ro de t\u00e9l\u00e9phone (229)\u00a0 0197576325 Adresse \u00e9lectronique info@djobizco.comsupport@djobizco.com","og_url":"https:\/\/djobizco.com\/fr\/contact-us\/","og_site_name":"DJOMAKI BUSINESS AND CONSULTING (DJOBIZCO) fran\u00e7ais","article_publisher":"https:\/\/web.facebook.com\/profile.php?id=61575772305248","article_modified_time":"2025-05-19T03:40:36+00:00","og_image":[{"width":1920,"height":600,"url":"https:\/\/djobizco.com\/fr\/wp-content\/uploads\/sites\/5\/2025\/05\/breadcrumb-img-1-1.png","type":"image\/png"}],"twitter_card":"summary_large_image","schema":{"@context":"https:\/\/schema.org","@graph":[{"@type":"WebPage","@id":"https:\/\/djobizco.com\/fr\/contact-us\/","url":"https:\/\/djobizco.com\/fr\/contact-us\/","name":"Contact Us - DJOMAKI BUSINESS AND CONSULTING (DJOBIZCO) fran\u00e7ais","isPartOf":{"@id":"https:\/\/djobizco.com\/fr\/#website"},"primaryImageOfPage":{"@id":"https:\/\/djobizco.com\/fr\/contact-us\/#primaryimage"},"image":{"@id":"https:\/\/djobizco.com\/fr\/contact-us\/#primaryimage"},"thumbnailUrl":"https:\/\/djobizco.com\/fr\/wp-content\/uploads\/sites\/5\/2025\/05\/breadcrumb-img-1-1.png","datePublished":"2024-03-24T19:28:16+00:00","dateModified":"2025-05-19T03:40:36+00:00","breadcrumb":{"@id":"https:\/\/djobizco.com\/fr\/contact-us\/#breadcrumb"},"inLanguage":"en-US","potentialAction":[{"@type":"ReadAction","target":["https:\/\/djobizco.com\/fr\/contact-us\/"]}]},{"@type":"ImageObject","inLanguage":"en-US","@id":"https:\/\/djobizco.com\/fr\/contact-us\/#primaryimage","url":"https:\/\/djobizco.com\/fr\/wp-content\/uploads\/sites\/5\/2025\/05\/breadcrumb-img-1-1.png","contentUrl":"https:\/\/djobizco.com\/fr\/wp-content\/uploads\/sites\/5\/2025\/05\/breadcrumb-img-1-1.png","width":1920,"height":600},{"@type":"BreadcrumbList","@id":"https:\/\/djobizco.com\/fr\/contact-us\/#breadcrumb","itemListElement":[{"@type":"ListItem","position":1,"name":"Home","item":"https:\/\/djobizco.com\/fr\/"},{"@type":"ListItem","position":2,"name":"Contact Us"}]},{"@type":"WebSite","@id":"https:\/\/djobizco.com\/fr\/#website","url":"https:\/\/djobizco.com\/fr\/","name":"DJOMAKI BUSINESS AND CONSULTING (DJOBIZCO) fran\u00e7ais","description":"","potentialAction":[{"@type":"SearchAction","target":{"@type":"EntryPoint","urlTemplate":"https:\/\/djobizco.com\/fr\/?s={search_term_string}"},"query-input":{"@type":"PropertyValueSpecification","valueRequired":true,"valueName":"search_term_string"}}],"inLanguage":"en-US"}]}},"_links":{"self":[{"href":"https:\/\/djobizco.com\/fr\/wp-json\/wp\/v2\/pages\/35","targetHints":{"allow":["GET"]}}],"collection":[{"href":"https:\/\/djobizco.com\/fr\/wp-json\/wp\/v2\/pages"}],"about":[{"href":"https:\/\/djobizco.com\/fr\/wp-json\/wp\/v2\/types\/page"}],"author":[{"embeddable":true,"href":"https:\/\/djobizco.com\/fr\/wp-json\/wp\/v2\/users\/1"}],"replies":[{"embeddable":true,"href":"https:\/\/djobizco.com\/fr\/wp-json\/wp\/v2\/comments?post=35"}],"version-history":[{"count":7,"href":"https:\/\/djobizco.com\/fr\/wp-json\/wp\/v2\/pages\/35\/revisions"}],"predecessor-version":[{"id":3881,"href":"https:\/\/djobizco.com\/fr\/wp-json\/wp\/v2\/pages\/35\/revisions\/3881"}],"wp:featuredmedia":[{"embeddable":true,"href":"https:\/\/djobizco.com\/fr\/wp-json\/wp\/v2\/media\/3742"}],"wp:attachment":[{"href":"https:\/\/djobizco.com\/fr\/wp-json\/wp\/v2\/media?parent=35"}],"curies":[{"name":"wp","href":"https:\/\/api.w.org\/{rel}","templated":true}]}}