{"id":1899,"date":"2024-04-08T22:30:28","date_gmt":"2024-04-08T22:30:28","guid":{"rendered":"https:\/\/themexriver.com\/wp\/gilroy-wp\/?page_id=1899"},"modified":"2025-05-19T03:13:24","modified_gmt":"2025-05-19T03:13:24","slug":"about-three","status":"publish","type":"page","link":"https:\/\/djobizco.com\/fr\/about-three\/","title":{"rendered":"\u00c0 PROPOS DE NOUS"},"content":{"rendered":"\t\t<div data-elementor-type=\"wp-page\" data-elementor-id=\"1899\" class=\"elementor elementor-1899\" data-elementor-post-type=\"page\">\n\t\t\t\t\t\t<section class=\"elementor-section elementor-top-section elementor-element elementor-element-349dff6 elementor-section-full_width elementor-section-height-default elementor-section-height-default\" data-id=\"349dff6\" data-element_type=\"section\">\n\t\t\t\t\t\t<div class=\"elementor-container elementor-column-gap-default\">\n\t\t\t\t\t<div class=\"elementor-column elementor-col-100 elementor-top-column elementor-element elementor-element-bdbbafa\" data-id=\"bdbbafa\" data-element_type=\"column\">\n\t\t\t<div class=\"elementor-widget-wrap elementor-element-populated\">\n\t\t\t\t\t\t<div class=\"elementor-element elementor-element-df5096a elementor-widget__width-inherit elementor-widget elementor-widget-tx_about elh-el tx_about\" data-id=\"df5096a\" data-element_type=\"widget\" data-settings=\"{&quot;design_style&quot;:&quot;style_2&quot;}\" data-widget_type=\"tx_about.default\">\n\t\t\t\t<div class=\"elementor-widget-container\">\n\t\t\t\t\t<div class=\"gly-campaign-3-area pt-150 pb-150 fix tx-section\">\r\n    <div class=\"container gly-container-2\">\r\n        <div class=\"gly-campaign-3-row\">\r\n\r\n            <!-- left-content -->\r\n            <div class=\"gly-campaign-3-content\">\r\n\r\n                <!-- section-title -->\r\n                <div class=\"gly-campaign-3-section-title mb-30\">\r\n                                        <h4 class=\"gly-subtitle-3 add-class tx-subTitle\">\r\n                        <span class=\"line1\"><\/span>\r\n                                                \u00c0 PROPOS DE NOUS                    <\/h4>\r\n                    \r\n                    <h2 class=\"tx-title gly-section-title-3 gly-split-in-down gly-split-text \">Nous faisons n\u00f4tres vos int\u00e9r\u00eats.<\/h2>\r\n                                        <p class=\"gly-para-3 disc wow fadeIn tx-description\">\r\n                        DJOMAKI BUSINESS AND CONSULTING (DJOBIZCO) est une soci\u00e9t\u00e9 dont le si\u00e8ge est situ\u00e9 en R\u00e9publique du B\u00e9nin et qui op\u00e8re principalement en R\u00e9publique du B\u00e9nin et au Ghana, bien que nous fournissions nos services dans le monde entier, sur place et \u00e0 distance.\n\n                    <\/p>\r\n                                    <\/div>\r\n\r\n                                <div class=\"gly-campaign-3-feature-wrap mb-45\">\r\n\r\n                                        <div class=\"gly-campaign-3-feature wow fadeInUp\">\r\n                                                <div class=\"main-icon\">\r\n                            <i aria-hidden=\"true\" class=\"far fa-handshake\"><\/i>                        <\/div>\r\n                                                <div class=\"content-wrap\">\r\n                                                        <h3 class=\"gly-heading-3 title\">Partenaire de r\u00e9ussite<\/h3>\r\n                            \r\n                                                        <p class=\"gly-para-3 disc\">Chez DJOBIZCO, nous sommes plus qu'un simple prestataire de services. Nous sommes un partenaire dans votre voyage. Sp\u00e9cialis\u00e9s dans les services linguistiques, les \u00e9v\u00e9nements et la formation professionnelle, notre objectif est de combler les lacunes et de cr\u00e9er des exp\u00e9riences sans faille.<\/p>\r\n                                                    <\/div>\r\n                    <\/div>\r\n                                        <div class=\"gly-campaign-3-feature wow fadeInUp\">\r\n                                                <div class=\"main-icon\">\r\n                            <i aria-hidden=\"true\" class=\"flaticon flaticon2-trophy\"><\/i>                        <\/div>\r\n                                                <div class=\"content-wrap\">\r\n                                                        <h3 class=\"gly-heading-3 title\">Service de la qualit\u00e9<\/h3>\r\n                            \r\n                                                        <p class=\"gly-para-3 disc\">Avec un engagement en faveur de l'innovation, de la qualit\u00e9 et de la satisfaction du client, nous offrons une gamme vari\u00e9e de solutions adapt\u00e9es \u00e0 vos besoins uniques.<\/p>\r\n                                                    <\/div>\r\n                    <\/div>\r\n                                        <div class=\"gly-campaign-3-feature wow fadeInUp\">\r\n                                                <div class=\"main-icon\">\r\n                            <i aria-hidden=\"true\" class=\"flaticon flaticon2-thinking\"><\/i>                        <\/div>\r\n                                                <div class=\"content-wrap\">\r\n                                                        <h3 class=\"gly-heading-3 title\">Meilleur soutien<\/h3>\r\n                            \r\n                                                        <p class=\"gly-para-3 disc\">Notre \u00e9quipe se consacre \u00e0 l'excellence et \u00e0 l'\u00e9tablissement de liens significatifs, en veillant \u00e0 ce que chaque interaction apporte une valeur ajout\u00e9e et contribue au succ\u00e8s de l'entreprise. Faites confiance \u00e0 DJOBIZCO pour vous accompagner \u00e0 chaque \u00e9tape.\n<\/p>\r\n                                                    <\/div>\r\n                    <\/div>\r\n                    \r\n                <\/div>\r\n                \r\n                <div class=\"gly-campaign-3-btn \">\r\n\r\n                                        <a class=\"gly-pr-btn-3 wow fadeIn tx-button\"\r\n                    href=\"https:\/\/www.djobizco.com\/fr\/our-services\/\"\r\n                    target=\"_self\"\r\n                    rel=\"\">\r\n                        <span class=\"text\">\r\n                            En savoir plus                        <\/span>\r\n                        <i aria-hidden=\"true\" class=\" fa-light fa-arrow-up-right\"><\/i>                    <\/a>\r\n                    \r\n                                        <h4 class=\"gly-campaign-3-happy-clnt gly-para-3 wow fadeIn\" data-wow-delay=\".2\">\r\n                                                <img decoding=\"async\" src=\"https:\/\/djobizco.com\/fr\/wp-content\/uploads\/2024\/04\/cmp3-happy.webp\" alt=\"\">\r\n                                                DJOBI-CO, n'importe o\u00f9 n'importe quand                    <\/h4>\r\n                    \r\n                <\/div>\r\n            <\/div>\r\n\r\n\r\n            <!-- right-img -->\r\n            <div class=\"gly-campaign-3-img-wrap \">\r\n\r\n                                <div class=\"gly-campaign-3-img img-cover\">\r\n                    <img decoding=\"async\" src=\"https:\/\/djobizco.com\/fr\/wp-content\/uploads\/2025\/05\/Front_slide_Marketing_manager.png\" alt=\"\">\r\n                <\/div>\r\n                \r\n                                <div class=\"gly-campaign-3-img img-cover\">\r\n                    <img decoding=\"async\" src=\"https:\/\/djobizco.com\/fr\/wp-content\/uploads\/2024\/04\/cmp3-img-3.webp\" alt=\"\">\r\n                <\/div>\r\n                \r\n                                <div class=\"gly-campaign-3-img img-cover\">\r\n                    <img decoding=\"async\" src=\"https:\/\/djobizco.com\/fr\/wp-content\/uploads\/2024\/04\/commentary_black-jobs-2024-scaled.jpg\" alt=\"\">\r\n                <\/div>\r\n                            <\/div>\r\n\r\n        <\/div>\r\n    <\/div>\r\n<\/div>\t\t\t\t<\/div>\n\t\t\t\t<\/div>\n\t\t\t\t\t<\/div>\n\t\t<\/div>\n\t\t\t\t\t<\/div>\n\t\t<\/section>\n\t\t\t\t<section class=\"elementor-section elementor-top-section elementor-element elementor-element-d5cfe21 elementor-section-full_width elementor-section-height-default elementor-section-height-default\" data-id=\"d5cfe21\" data-element_type=\"section\">\n\t\t\t\t\t\t<div class=\"elementor-container elementor-column-gap-default\">\n\t\t\t\t\t<div class=\"elementor-column elementor-col-100 elementor-top-column elementor-element elementor-element-7784d37d\" data-id=\"7784d37d\" data-element_type=\"column\">\n\t\t\t<div class=\"elementor-widget-wrap elementor-element-populated\">\n\t\t\t\t\t\t<div class=\"elementor-element elementor-element-6e91b2d1 elementor-widget__width-inherit elementor-widget elementor-widget-tx_about elh-el tx_about\" data-id=\"6e91b2d1\" data-element_type=\"widget\" data-settings=\"{&quot;design_style&quot;:&quot;style_4&quot;}\" data-widget_type=\"tx_about.default\">\n\t\t\t\t<div class=\"elementor-widget-container\">\n\t\t\t\t\t<div class=\"gly-campaign-4-area pt-120 fix tx-section\">\r\n    <div class=\"container gly-container-3\">\r\n        <div class=\"gly-campaign-4-wrap\">\r\n\r\n            <!-- section-title -->\r\n            <div class=\"gly-campaign-4-scn-title\">\r\n                                <h6 class=\"gly-subtitle-4 tx-subTitle\">Notre valeur fondamentale :<\/h6>\r\n                \r\n                <h2 class=\"tx-title gly-section-title-3 has-title-4 gly-split-in-down gly-split-text \">L'excellence inclusive<\/h2>                                <p class=\"gly-para-3 has-4 scn-disc wow fadeInUp\">Nous sommes toujours \u00e0 la recherche de nouvelles fa\u00e7ons d'am\u00e9liorer nos services et de r\u00e9pondre aux besoins changeants de nos clients.<\/p>\r\n                \r\n                                <a class=\"gly-pr-btn-5 wow fadeInUp tx-button\"\r\n                href=\"https:\/\/djobizco.com\/contact-us\/\"\r\n                target=\"_self\"\r\n                rel=\"\">\r\n                    <span class=\"text\">\r\n                                            <\/span>\r\n                    <span class=\"icon\">\r\n                        <i aria-hidden=\"true\" class=\" far fa-arrow-right\"><\/i>                    <\/span>\r\n                <\/a>\r\n                            <\/div>\r\n\r\n            <!-- right-content -->\r\n                        <div class=\"gly-campaign-4-content\">\r\n                <div class=\"gly-campaign-4-feature-wrap tx-listsItems\">\r\n                                        <div class=\"gly-campaign-4-feature wow fadeInUp\" data-wow-delay=\".0s\" data-wow-duration=\"1s\">\r\n                                                <h4 class=\"title gly-heading-4 gly-font-600\">\r\n                                                            <i aria-hidden=\"true\" class=\" fal fa-badge-check\"><\/i>                                                        Standard haut niveau                        <\/h4>\r\n                        \r\n                                                <p class=\"disc gly-para-3\">Chaque service que nous fournissons est marqu\u00e9 par l'excellence et le souci du d\u00e9tail.<\/p>\r\n                                            <\/div>\r\n                                        <div class=\"gly-campaign-4-feature wow fadeInUp\" data-wow-delay=\".0s\" data-wow-duration=\"1s\">\r\n                                                <h4 class=\"title gly-heading-4 gly-font-600\">\r\n                                                            <i aria-hidden=\"true\" class=\" fal fa-badge-check\"><\/i>                                                        Priorit\u00e9 aux personnes                        <\/h4>\r\n                        \r\n                                                <p class=\"disc gly-para-3\">Nous sommes flexibles et r\u00e9actifs, et nous nous adaptons \u00e0 un environnement en constante \u00e9volution.<\/p>\r\n                                            <\/div>\r\n                                        <div class=\"gly-campaign-4-feature wow fadeInUp\" data-wow-delay=\".0s\" data-wow-duration=\"1s\">\r\n                                                <h4 class=\"title gly-heading-4 gly-font-600\">\r\n                                                            <i aria-hidden=\"true\" class=\" fal fa-badge-check\"><\/i>                                                        Le client est roi                        <\/h4>\r\n                        \r\n                                                <p class=\"disc gly-para-3\">Nous construisons des relations solides bas\u00e9es sur la transparence, le respect et la confiance.<\/p>\r\n                                            <\/div>\r\n                                    <\/div>\r\n            <\/div>\r\n                    <\/div>\r\n    <\/div>\r\n\r\n        <div class=\"gly-campaign-4-bg-img img-cover\">\r\n        <img decoding=\"async\" src=\"https:\/\/djobizco.com\/fr\/wp-content\/uploads\/2024\/04\/cmp4-bg-img-1.webp\"\r\n        alt=\"\">\r\n    <\/div>\r\n    \r\n        <img decoding=\"async\" src=\"https:\/\/djobizco.com\/fr\/wp-content\/uploads\/2024\/04\/t3-img-big.webp\"\r\n    alt=\"\" class=\"gly-campaign-4-img\">\r\n    <\/div>\t\t\t\t<\/div>\n\t\t\t\t<\/div>\n\t\t\t\t\t<\/div>\n\t\t<\/div>\n\t\t\t\t\t<\/div>\n\t\t<\/section>\n\t\t\t\t<\/div>\n\t\t","protected":false},"excerpt":{"rendered":"<p>\u00c0 PROPOS DE NOUS Nous faisons n\u00f4tres vos int\u00e9r\u00eats. DJOMAKI BUSINESS AND CONSULTING (DJOBIZCO) est une soci\u00e9t\u00e9 dont le si\u00e8ge est situ\u00e9 en R\u00e9publique du B\u00e9nin et qui op\u00e8re principalement en R\u00e9publique du B\u00e9nin et au Ghana, bien que nous fournissions nos services dans le monde entier, sur place et \u00e0 distance. Partenaire de r\u00e9ussite [&hellip;]<\/p>\n","protected":false},"author":1,"featured_media":3124,"parent":0,"menu_order":0,"comment_status":"closed","ping_status":"closed","template":"elementor_header_footer","meta":{"inline_featured_image":false,"footnotes":""},"class_list":["post-1899","page","type-page","status-publish","has-post-thumbnail","hentry"],"yoast_head":"<!-- This site is optimized with the Yoast SEO Premium plugin v25.1 (Yoast SEO v26.1) - https:\/\/yoast.com\/wordpress\/plugins\/seo\/ -->\n<title>\u00c0 PROPOS DE NOUS - DJOMAKI BUSINESS AND CONSULTING (DJOBIZCO) fran\u00e7ais<\/title>\n<meta name=\"robots\" content=\"index, follow, max-snippet:-1, max-image-preview:large, max-video-preview:-1\" \/>\n<link rel=\"canonical\" href=\"https:\/\/djobizco.com\/fr\/about-three\/\" \/>\n<meta property=\"og:locale\" content=\"en_US\" \/>\n<meta property=\"og:type\" content=\"article\" \/>\n<meta property=\"og:title\" content=\"\u00c0 PROPOS DE NOUS\" \/>\n<meta property=\"og:description\" content=\"\u00c0 PROPOS DE NOUS Nous faisons n\u00f4tres vos int\u00e9r\u00eats. DJOMAKI BUSINESS AND CONSULTING (DJOBIZCO) est une soci\u00e9t\u00e9 dont le si\u00e8ge est situ\u00e9 en R\u00e9publique du B\u00e9nin et qui op\u00e8re principalement en R\u00e9publique du B\u00e9nin et au Ghana, bien que nous fournissions nos services dans le monde entier, sur place et \u00e0 distance. Partenaire de r\u00e9ussite [&hellip;]\" \/>\n<meta property=\"og:url\" content=\"https:\/\/djobizco.com\/fr\/about-three\/\" \/>\n<meta property=\"og:site_name\" content=\"DJOMAKI BUSINESS AND CONSULTING (DJOBIZCO) fran\u00e7ais\" \/>\n<meta property=\"article:publisher\" content=\"https:\/\/web.facebook.com\/profile.php?id=61575772305248\" \/>\n<meta property=\"article:modified_time\" content=\"2025-05-19T03:13:24+00:00\" \/>\n<meta property=\"og:image\" content=\"https:\/\/djobizco.com\/fr\/wp-content\/uploads\/sites\/5\/2025\/03\/black-entrepreneurs-image-81022.jpg\" \/>\n\t<meta property=\"og:image:width\" content=\"1156\" \/>\n\t<meta property=\"og:image:height\" content=\"650\" \/>\n\t<meta property=\"og:image:type\" content=\"image\/jpeg\" \/>\n<meta name=\"twitter:card\" content=\"summary_large_image\" \/>\n<meta name=\"twitter:label1\" content=\"Est. reading time\" \/>\n\t<meta name=\"twitter:data1\" content=\"6 minutes\" \/>\n<script type=\"application\/ld+json\" class=\"yoast-schema-graph\">{\"@context\":\"https:\/\/schema.org\",\"@graph\":[{\"@type\":\"WebPage\",\"@id\":\"https:\/\/djobizco.com\/fr\/about-three\/\",\"url\":\"https:\/\/djobizco.com\/fr\/about-three\/\",\"name\":\"\u00c0 PROPOS DE NOUS - DJOMAKI BUSINESS AND CONSULTING (DJOBIZCO) fran\u00e7ais\",\"isPartOf\":{\"@id\":\"https:\/\/djobizco.com\/fr\/#website\"},\"primaryImageOfPage\":{\"@id\":\"https:\/\/djobizco.com\/fr\/about-three\/#primaryimage\"},\"image\":{\"@id\":\"https:\/\/djobizco.com\/fr\/about-three\/#primaryimage\"},\"thumbnailUrl\":\"https:\/\/djobizco.com\/fr\/wp-content\/uploads\/sites\/5\/2025\/03\/black-entrepreneurs-image-81022.jpg\",\"datePublished\":\"2024-04-08T22:30:28+00:00\",\"dateModified\":\"2025-05-19T03:13:24+00:00\",\"breadcrumb\":{\"@id\":\"https:\/\/djobizco.com\/fr\/about-three\/#breadcrumb\"},\"inLanguage\":\"en-US\",\"potentialAction\":[{\"@type\":\"ReadAction\",\"target\":[\"https:\/\/djobizco.com\/fr\/about-three\/\"]}]},{\"@type\":\"ImageObject\",\"inLanguage\":\"en-US\",\"@id\":\"https:\/\/djobizco.com\/fr\/about-three\/#primaryimage\",\"url\":\"https:\/\/djobizco.com\/fr\/wp-content\/uploads\/sites\/5\/2025\/03\/black-entrepreneurs-image-81022.jpg\",\"contentUrl\":\"https:\/\/djobizco.com\/fr\/wp-content\/uploads\/sites\/5\/2025\/03\/black-entrepreneurs-image-81022.jpg\",\"width\":1156,\"height\":650},{\"@type\":\"BreadcrumbList\",\"@id\":\"https:\/\/djobizco.com\/fr\/about-three\/#breadcrumb\",\"itemListElement\":[{\"@type\":\"ListItem\",\"position\":1,\"name\":\"Home\",\"item\":\"https:\/\/djobizco.com\/fr\/\"},{\"@type\":\"ListItem\",\"position\":2,\"name\":\"\u00c0 PROPOS DE NOUS\"}]},{\"@type\":\"WebSite\",\"@id\":\"https:\/\/djobizco.com\/fr\/#website\",\"url\":\"https:\/\/djobizco.com\/fr\/\",\"name\":\"DJOMAKI BUSINESS AND CONSULTING (DJOBIZCO) fran\u00e7ais\",\"description\":\"\",\"potentialAction\":[{\"@type\":\"SearchAction\",\"target\":{\"@type\":\"EntryPoint\",\"urlTemplate\":\"https:\/\/djobizco.com\/fr\/?s={search_term_string}\"},\"query-input\":{\"@type\":\"PropertyValueSpecification\",\"valueRequired\":true,\"valueName\":\"search_term_string\"}}],\"inLanguage\":\"en-US\"}]}<\/script>\n<!-- \/ Yoast SEO Premium plugin. -->","yoast_head_json":{"title":"\u00c0 PROPOS DE NOUS - DJOMAKI BUSINESS AND CONSULTING (DJOBIZCO) fran\u00e7ais","robots":{"index":"index","follow":"follow","max-snippet":"max-snippet:-1","max-image-preview":"max-image-preview:large","max-video-preview":"max-video-preview:-1"},"canonical":"https:\/\/djobizco.com\/fr\/about-three\/","og_locale":"en_US","og_type":"article","og_title":"\u00c0 PROPOS DE NOUS","og_description":"\u00c0 PROPOS DE NOUS Nous faisons n\u00f4tres vos int\u00e9r\u00eats. DJOMAKI BUSINESS AND CONSULTING (DJOBIZCO) est une soci\u00e9t\u00e9 dont le si\u00e8ge est situ\u00e9 en R\u00e9publique du B\u00e9nin et qui op\u00e8re principalement en R\u00e9publique du B\u00e9nin et au Ghana, bien que nous fournissions nos services dans le monde entier, sur place et \u00e0 distance. Partenaire de r\u00e9ussite [&hellip;]","og_url":"https:\/\/djobizco.com\/fr\/about-three\/","og_site_name":"DJOMAKI BUSINESS AND CONSULTING (DJOBIZCO) fran\u00e7ais","article_publisher":"https:\/\/web.facebook.com\/profile.php?id=61575772305248","article_modified_time":"2025-05-19T03:13:24+00:00","og_image":[{"width":1156,"height":650,"url":"https:\/\/djobizco.com\/fr\/wp-content\/uploads\/sites\/5\/2025\/03\/black-entrepreneurs-image-81022.jpg","type":"image\/jpeg"}],"twitter_card":"summary_large_image","twitter_misc":{"Est. reading time":"6 minutes"},"schema":{"@context":"https:\/\/schema.org","@graph":[{"@type":"WebPage","@id":"https:\/\/djobizco.com\/fr\/about-three\/","url":"https:\/\/djobizco.com\/fr\/about-three\/","name":"\u00c0 PROPOS DE NOUS - DJOMAKI BUSINESS AND CONSULTING (DJOBIZCO) fran\u00e7ais","isPartOf":{"@id":"https:\/\/djobizco.com\/fr\/#website"},"primaryImageOfPage":{"@id":"https:\/\/djobizco.com\/fr\/about-three\/#primaryimage"},"image":{"@id":"https:\/\/djobizco.com\/fr\/about-three\/#primaryimage"},"thumbnailUrl":"https:\/\/djobizco.com\/fr\/wp-content\/uploads\/sites\/5\/2025\/03\/black-entrepreneurs-image-81022.jpg","datePublished":"2024-04-08T22:30:28+00:00","dateModified":"2025-05-19T03:13:24+00:00","breadcrumb":{"@id":"https:\/\/djobizco.com\/fr\/about-three\/#breadcrumb"},"inLanguage":"en-US","potentialAction":[{"@type":"ReadAction","target":["https:\/\/djobizco.com\/fr\/about-three\/"]}]},{"@type":"ImageObject","inLanguage":"en-US","@id":"https:\/\/djobizco.com\/fr\/about-three\/#primaryimage","url":"https:\/\/djobizco.com\/fr\/wp-content\/uploads\/sites\/5\/2025\/03\/black-entrepreneurs-image-81022.jpg","contentUrl":"https:\/\/djobizco.com\/fr\/wp-content\/uploads\/sites\/5\/2025\/03\/black-entrepreneurs-image-81022.jpg","width":1156,"height":650},{"@type":"BreadcrumbList","@id":"https:\/\/djobizco.com\/fr\/about-three\/#breadcrumb","itemListElement":[{"@type":"ListItem","position":1,"name":"Home","item":"https:\/\/djobizco.com\/fr\/"},{"@type":"ListItem","position":2,"name":"\u00c0 PROPOS DE NOUS"}]},{"@type":"WebSite","@id":"https:\/\/djobizco.com\/fr\/#website","url":"https:\/\/djobizco.com\/fr\/","name":"DJOMAKI BUSINESS AND CONSULTING (DJOBIZCO) fran\u00e7ais","description":"","potentialAction":[{"@type":"SearchAction","target":{"@type":"EntryPoint","urlTemplate":"https:\/\/djobizco.com\/fr\/?s={search_term_string}"},"query-input":{"@type":"PropertyValueSpecification","valueRequired":true,"valueName":"search_term_string"}}],"inLanguage":"en-US"}]}},"_links":{"self":[{"href":"https:\/\/djobizco.com\/fr\/wp-json\/wp\/v2\/pages\/1899","targetHints":{"allow":["GET"]}}],"collection":[{"href":"https:\/\/djobizco.com\/fr\/wp-json\/wp\/v2\/pages"}],"about":[{"href":"https:\/\/djobizco.com\/fr\/wp-json\/wp\/v2\/types\/page"}],"author":[{"embeddable":true,"href":"https:\/\/djobizco.com\/fr\/wp-json\/wp\/v2\/users\/1"}],"replies":[{"embeddable":true,"href":"https:\/\/djobizco.com\/fr\/wp-json\/wp\/v2\/comments?post=1899"}],"version-history":[{"count":24,"href":"https:\/\/djobizco.com\/fr\/wp-json\/wp\/v2\/pages\/1899\/revisions"}],"predecessor-version":[{"id":3868,"href":"https:\/\/djobizco.com\/fr\/wp-json\/wp\/v2\/pages\/1899\/revisions\/3868"}],"wp:featuredmedia":[{"embeddable":true,"href":"https:\/\/djobizco.com\/fr\/wp-json\/wp\/v2\/media\/3124"}],"wp:attachment":[{"href":"https:\/\/djobizco.com\/fr\/wp-json\/wp\/v2\/media?parent=1899"}],"curies":[{"name":"wp","href":"https:\/\/api.w.org\/{rel}","templated":true}]}}